{"id":701,"date":"2019-03-02T18:57:06","date_gmt":"2019-03-02T17:57:06","guid":{"rendered":"https:\/\/www.baconcept.com\/?page_id=701"},"modified":"2019-03-02T19:49:35","modified_gmt":"2019-03-02T18:49:35","slug":"exemples-dessais","status":"publish","type":"page","link":"https:\/\/www.baconcept.com\/index.php\/exemples-dessais\/","title":{"rendered":"Exemples d&rsquo;essais"},"content":{"rendered":"\t\t<div data-elementor-type=\"wp-post\" data-elementor-id=\"701\" class=\"elementor elementor-701 elementor-bc-flex-widget\">\n\t\t\t\t\t\t<section class=\"elementor-section elementor-top-section elementor-element elementor-element-39b8a08 elementor-section-stretched elementor-section-full_width elementor-section-height-min-height elementor-section-height-default elementor-section-items-middle\" data-id=\"39b8a08\" data-element_type=\"section\" data-settings=\"{&quot;stretch_section&quot;:&quot;section-stretched&quot;,&quot;background_background&quot;:&quot;classic&quot;}\">\n\t\t\t\t\t\t\t<div class=\"elementor-background-overlay\"><\/div>\n\t\t\t\t\t\t\t<div class=\"elementor-container elementor-column-gap-default\">\n\t\t\t\t\t<div class=\"elementor-column elementor-col-100 elementor-top-column elementor-element elementor-element-466c7bd\" data-id=\"466c7bd\" data-element_type=\"column\">\n\t\t\t<div class=\"elementor-widget-wrap elementor-element-populated\">\n\t\t\t\t\t\t<div class=\"elementor-element elementor-element-8309795 elementor-widget elementor-widget-heading\" data-id=\"8309795\" data-element_type=\"widget\" data-widget_type=\"heading.default\">\n\t\t\t\t<div class=\"elementor-widget-container\">\n\t\t\t\t\t<h1 class=\"elementor-heading-title elementor-size-default\">BA CONCEPT : SOLUTION \u00e9lectronique INDUSTRIELLE<\/h1>\t\t\t\t<\/div>\n\t\t\t\t<\/div>\n\t\t\t\t<div class=\"elementor-element elementor-element-4d127ce elementor-widget-divider--view-line elementor-widget elementor-widget-divider\" data-id=\"4d127ce\" data-element_type=\"widget\" data-widget_type=\"divider.default\">\n\t\t\t\t<div class=\"elementor-widget-container\">\n\t\t\t\t\t\t\t<div class=\"elementor-divider\">\n\t\t\t<span class=\"elementor-divider-separator\">\n\t\t\t\t\t\t<\/span>\n\t\t<\/div>\n\t\t\t\t\t\t<\/div>\n\t\t\t\t<\/div>\n\t\t\t\t<div class=\"elementor-element elementor-element-58c44c8 elementor-widget elementor-widget-heading\" data-id=\"58c44c8\" data-element_type=\"widget\" data-widget_type=\"heading.default\">\n\t\t\t\t<div class=\"elementor-widget-container\">\n\t\t\t\t\t<h4 class=\"elementor-heading-title elementor-size-default\">Adoptez la carte d'une solution \u00e9lectronique industrielle cl\u00e9 en main,\nde l'\u00e9tude \u00e0 la livraison. CAO pour tous les secteurs d'activit\u00e9.<\/h4>\t\t\t\t<\/div>\n\t\t\t\t<\/div>\n\t\t\t\t<div class=\"elementor-element elementor-element-3813a01 elementor-align-center elementor-widget elementor-widget-button\" data-id=\"3813a01\" data-element_type=\"widget\" data-widget_type=\"button.default\">\n\t\t\t\t<div class=\"elementor-widget-container\">\n\t\t\t\t\t\t\t\t\t<div class=\"elementor-button-wrapper\">\n\t\t\t\t\t<a class=\"elementor-button elementor-button-link elementor-size-sm\" href=\"http:\/\/www.baconcept.com\/index.php\/contact-2\/\">\n\t\t\t\t\t\t<span class=\"elementor-button-content-wrapper\">\n\t\t\t\t\t\t\t\t\t<span class=\"elementor-button-text\">Nous Contacter<\/span>\n\t\t\t\t\t<\/span>\n\t\t\t\t\t<\/a>\n\t\t\t\t<\/div>\n\t\t\t\t\t\t\t\t<\/div>\n\t\t\t\t<\/div>\n\t\t\t\t\t<\/div>\n\t\t<\/div>\n\t\t\t\t\t<\/div>\n\t\t<\/section>\n\t\t\t\t<section class=\"elementor-section elementor-top-section elementor-element elementor-element-64d0744e elementor-section-stretched elementor-section-boxed elementor-section-height-default elementor-section-height-default\" data-id=\"64d0744e\" data-element_type=\"section\" id=\"introduction\" data-settings=\"{&quot;background_background&quot;:&quot;classic&quot;,&quot;stretch_section&quot;:&quot;section-stretched&quot;}\">\n\t\t\t\t\t\t<div class=\"elementor-container elementor-column-gap-default\">\n\t\t\t\t\t<div class=\"elementor-column elementor-col-100 elementor-top-column elementor-element elementor-element-4f3f1527\" data-id=\"4f3f1527\" data-element_type=\"column\">\n\t\t\t<div class=\"elementor-widget-wrap elementor-element-populated\">\n\t\t\t\t\t\t<div class=\"elementor-element elementor-element-359f0558 elementor-widget elementor-widget-heading\" data-id=\"359f0558\" data-element_type=\"widget\" data-widget_type=\"heading.default\">\n\t\t\t\t<div class=\"elementor-widget-container\">\n\t\t\t\t\t<h3 class=\"elementor-heading-title elementor-size-small\">cr\u00e9ation de cartes \u00e9lectroniques  en circuit imprim\u00e9<\/h3>\t\t\t\t<\/div>\n\t\t\t\t<\/div>\n\t\t\t\t<div class=\"elementor-element elementor-element-152cf2e9 elementor-widget elementor-widget-heading\" data-id=\"152cf2e9\" data-element_type=\"widget\" data-widget_type=\"heading.default\">\n\t\t\t\t<div class=\"elementor-widget-container\">\n\t\t\t\t\t<h2 class=\"elementor-heading-title elementor-size-default\">EXEMPLES D'ESSAIS<\/h2>\t\t\t\t<\/div>\n\t\t\t\t<\/div>\n\t\t\t\t<div class=\"elementor-element elementor-element-7ed033e elementor-widget-divider--view-line elementor-widget elementor-widget-divider\" data-id=\"7ed033e\" data-element_type=\"widget\" data-widget_type=\"divider.default\">\n\t\t\t\t<div class=\"elementor-widget-container\">\n\t\t\t\t\t\t\t<div class=\"elementor-divider\">\n\t\t\t<span class=\"elementor-divider-separator\">\n\t\t\t\t\t\t<\/span>\n\t\t<\/div>\n\t\t\t\t\t\t<\/div>\n\t\t\t\t<\/div>\n\t\t\t\t<div class=\"elementor-element elementor-element-47b9393 gallery-spacing-custom elementor-widget elementor-widget-image-gallery\" data-id=\"47b9393\" data-element_type=\"widget\" data-widget_type=\"image-gallery.default\">\n\t\t\t\t<div class=\"elementor-widget-container\">\n\t\t\t\t\t\t\t<div class=\"elementor-image-gallery\">\n\t\t\t<div id='gallery-1' class='gallery galleryid-701 gallery-columns-4 gallery-size-large'><figure class='gallery-item'>\n\t\t\t<div class='gallery-icon landscape'>\n\t\t\t\t<a data-elementor-open-lightbox=\"yes\" data-elementor-lightbox-slideshow=\"47b9393\" data-elementor-lightbox-title=\"BA-CONCEPT-essai-2-carte-electronique-circuit-imprime\" data-e-action-hash=\"#elementor-action%3Aaction%3Dlightbox%26settings%3DeyJpZCI6NzEyLCJ1cmwiOiJodHRwczpcL1wvd3d3LmJhY29uY2VwdC5jb21cL3dwLWNvbnRlbnRcL3VwbG9hZHNcLzIwMTlcLzAzXC9CQS1DT05DRVBULWVzc2FpLTItY2FydGUtZWxlY3Ryb25pcXVlLWNpcmN1aXQtaW1wcmltZS5qcGciLCJzbGlkZXNob3ciOiI0N2I5MzkzIn0%3D\" href='https:\/\/www.baconcept.com\/wp-content\/uploads\/2019\/03\/BA-CONCEPT-essai-2-carte-electronique-circuit-imprime.jpg'><img fetchpriority=\"high\" decoding=\"async\" width=\"920\" height=\"920\" src=\"https:\/\/www.baconcept.com\/wp-content\/uploads\/2019\/03\/BA-CONCEPT-essai-2-carte-electronique-circuit-imprime.jpg\" class=\"attachment-large size-large\" alt=\"\" srcset=\"https:\/\/www.baconcept.com\/wp-content\/uploads\/2019\/03\/BA-CONCEPT-essai-2-carte-electronique-circuit-imprime.jpg 920w, https:\/\/www.baconcept.com\/wp-content\/uploads\/2019\/03\/BA-CONCEPT-essai-2-carte-electronique-circuit-imprime-150x150.jpg 150w, https:\/\/www.baconcept.com\/wp-content\/uploads\/2019\/03\/BA-CONCEPT-essai-2-carte-electronique-circuit-imprime-300x300.jpg 300w, https:\/\/www.baconcept.com\/wp-content\/uploads\/2019\/03\/BA-CONCEPT-essai-2-carte-electronique-circuit-imprime-768x768.jpg 768w\" sizes=\"(max-width: 920px) 100vw, 920px\" \/><\/a>\n\t\t\t<\/div><\/figure><figure class='gallery-item'>\n\t\t\t<div class='gallery-icon landscape'>\n\t\t\t\t<a data-elementor-open-lightbox=\"yes\" data-elementor-lightbox-slideshow=\"47b9393\" data-elementor-lightbox-title=\"BA-CONCEPT-essai-6-carte-electronique-circuit-imprime\" data-e-action-hash=\"#elementor-action%3Aaction%3Dlightbox%26settings%3DeyJpZCI6NzA4LCJ1cmwiOiJodHRwczpcL1wvd3d3LmJhY29uY2VwdC5jb21cL3dwLWNvbnRlbnRcL3VwbG9hZHNcLzIwMTlcLzAzXC9CQS1DT05DRVBULWVzc2FpLTYtY2FydGUtZWxlY3Ryb25pcXVlLWNpcmN1aXQtaW1wcmltZS5qcGciLCJzbGlkZXNob3ciOiI0N2I5MzkzIn0%3D\" href='https:\/\/www.baconcept.com\/wp-content\/uploads\/2019\/03\/BA-CONCEPT-essai-6-carte-electronique-circuit-imprime.jpg'><img decoding=\"async\" width=\"920\" height=\"920\" src=\"https:\/\/www.baconcept.com\/wp-content\/uploads\/2019\/03\/BA-CONCEPT-essai-6-carte-electronique-circuit-imprime.jpg\" class=\"attachment-large size-large\" alt=\"\" srcset=\"https:\/\/www.baconcept.com\/wp-content\/uploads\/2019\/03\/BA-CONCEPT-essai-6-carte-electronique-circuit-imprime.jpg 920w, https:\/\/www.baconcept.com\/wp-content\/uploads\/2019\/03\/BA-CONCEPT-essai-6-carte-electronique-circuit-imprime-150x150.jpg 150w, https:\/\/www.baconcept.com\/wp-content\/uploads\/2019\/03\/BA-CONCEPT-essai-6-carte-electronique-circuit-imprime-300x300.jpg 300w, https:\/\/www.baconcept.com\/wp-content\/uploads\/2019\/03\/BA-CONCEPT-essai-6-carte-electronique-circuit-imprime-768x768.jpg 768w\" sizes=\"(max-width: 920px) 100vw, 920px\" \/><\/a>\n\t\t\t<\/div><\/figure><figure class='gallery-item'>\n\t\t\t<div class='gallery-icon landscape'>\n\t\t\t\t<a data-elementor-open-lightbox=\"yes\" data-elementor-lightbox-slideshow=\"47b9393\" data-elementor-lightbox-title=\"BA-CONCEPT-essai-1-carte-electronique-circuit-imprime\" data-e-action-hash=\"#elementor-action%3Aaction%3Dlightbox%26settings%3DeyJpZCI6NzEzLCJ1cmwiOiJodHRwczpcL1wvd3d3LmJhY29uY2VwdC5jb21cL3dwLWNvbnRlbnRcL3VwbG9hZHNcLzIwMTlcLzAzXC9CQS1DT05DRVBULWVzc2FpLTEtY2FydGUtZWxlY3Ryb25pcXVlLWNpcmN1aXQtaW1wcmltZS5qcGciLCJzbGlkZXNob3ciOiI0N2I5MzkzIn0%3D\" href='https:\/\/www.baconcept.com\/wp-content\/uploads\/2019\/03\/BA-CONCEPT-essai-1-carte-electronique-circuit-imprime.jpg'><img decoding=\"async\" width=\"920\" height=\"920\" src=\"https:\/\/www.baconcept.com\/wp-content\/uploads\/2019\/03\/BA-CONCEPT-essai-1-carte-electronique-circuit-imprime.jpg\" class=\"attachment-large size-large\" alt=\"\" srcset=\"https:\/\/www.baconcept.com\/wp-content\/uploads\/2019\/03\/BA-CONCEPT-essai-1-carte-electronique-circuit-imprime.jpg 920w, https:\/\/www.baconcept.com\/wp-content\/uploads\/2019\/03\/BA-CONCEPT-essai-1-carte-electronique-circuit-imprime-150x150.jpg 150w, https:\/\/www.baconcept.com\/wp-content\/uploads\/2019\/03\/BA-CONCEPT-essai-1-carte-electronique-circuit-imprime-300x300.jpg 300w, https:\/\/www.baconcept.com\/wp-content\/uploads\/2019\/03\/BA-CONCEPT-essai-1-carte-electronique-circuit-imprime-768x768.jpg 768w\" sizes=\"(max-width: 920px) 100vw, 920px\" \/><\/a>\n\t\t\t<\/div><\/figure><figure class='gallery-item'>\n\t\t\t<div class='gallery-icon landscape'>\n\t\t\t\t<a data-elementor-open-lightbox=\"yes\" data-elementor-lightbox-slideshow=\"47b9393\" data-elementor-lightbox-title=\"BA-CONCEPT-essai-5-carte-electronique-circuit-imprime\" data-e-action-hash=\"#elementor-action%3Aaction%3Dlightbox%26settings%3DeyJpZCI6NzA5LCJ1cmwiOiJodHRwczpcL1wvd3d3LmJhY29uY2VwdC5jb21cL3dwLWNvbnRlbnRcL3VwbG9hZHNcLzIwMTlcLzAzXC9CQS1DT05DRVBULWVzc2FpLTUtY2FydGUtZWxlY3Ryb25pcXVlLWNpcmN1aXQtaW1wcmltZS5qcGciLCJzbGlkZXNob3ciOiI0N2I5MzkzIn0%3D\" href='https:\/\/www.baconcept.com\/wp-content\/uploads\/2019\/03\/BA-CONCEPT-essai-5-carte-electronique-circuit-imprime.jpg'><img loading=\"lazy\" decoding=\"async\" width=\"920\" height=\"920\" src=\"https:\/\/www.baconcept.com\/wp-content\/uploads\/2019\/03\/BA-CONCEPT-essai-5-carte-electronique-circuit-imprime.jpg\" class=\"attachment-large size-large\" alt=\"\" srcset=\"https:\/\/www.baconcept.com\/wp-content\/uploads\/2019\/03\/BA-CONCEPT-essai-5-carte-electronique-circuit-imprime.jpg 920w, https:\/\/www.baconcept.com\/wp-content\/uploads\/2019\/03\/BA-CONCEPT-essai-5-carte-electronique-circuit-imprime-150x150.jpg 150w, https:\/\/www.baconcept.com\/wp-content\/uploads\/2019\/03\/BA-CONCEPT-essai-5-carte-electronique-circuit-imprime-300x300.jpg 300w, https:\/\/www.baconcept.com\/wp-content\/uploads\/2019\/03\/BA-CONCEPT-essai-5-carte-electronique-circuit-imprime-768x768.jpg 768w\" sizes=\"(max-width: 920px) 100vw, 920px\" \/><\/a>\n\t\t\t<\/div><\/figure><figure class='gallery-item'>\n\t\t\t<div class='gallery-icon landscape'>\n\t\t\t\t<a data-elementor-open-lightbox=\"yes\" data-elementor-lightbox-slideshow=\"47b9393\" data-elementor-lightbox-title=\"BA-CONCEPT-essai-8-carte-electronique-circuit-imprime\" data-e-action-hash=\"#elementor-action%3Aaction%3Dlightbox%26settings%3DeyJpZCI6NzA2LCJ1cmwiOiJodHRwczpcL1wvd3d3LmJhY29uY2VwdC5jb21cL3dwLWNvbnRlbnRcL3VwbG9hZHNcLzIwMTlcLzAzXC9CQS1DT05DRVBULWVzc2FpLTgtY2FydGUtZWxlY3Ryb25pcXVlLWNpcmN1aXQtaW1wcmltZS5qcGciLCJzbGlkZXNob3ciOiI0N2I5MzkzIn0%3D\" href='https:\/\/www.baconcept.com\/wp-content\/uploads\/2019\/03\/BA-CONCEPT-essai-8-carte-electronique-circuit-imprime.jpg'><img loading=\"lazy\" decoding=\"async\" width=\"920\" height=\"920\" src=\"https:\/\/www.baconcept.com\/wp-content\/uploads\/2019\/03\/BA-CONCEPT-essai-8-carte-electronique-circuit-imprime.jpg\" class=\"attachment-large size-large\" alt=\"\" srcset=\"https:\/\/www.baconcept.com\/wp-content\/uploads\/2019\/03\/BA-CONCEPT-essai-8-carte-electronique-circuit-imprime.jpg 920w, https:\/\/www.baconcept.com\/wp-content\/uploads\/2019\/03\/BA-CONCEPT-essai-8-carte-electronique-circuit-imprime-150x150.jpg 150w, https:\/\/www.baconcept.com\/wp-content\/uploads\/2019\/03\/BA-CONCEPT-essai-8-carte-electronique-circuit-imprime-300x300.jpg 300w, https:\/\/www.baconcept.com\/wp-content\/uploads\/2019\/03\/BA-CONCEPT-essai-8-carte-electronique-circuit-imprime-768x768.jpg 768w\" sizes=\"(max-width: 920px) 100vw, 920px\" \/><\/a>\n\t\t\t<\/div><\/figure><figure class='gallery-item'>\n\t\t\t<div class='gallery-icon landscape'>\n\t\t\t\t<a data-elementor-open-lightbox=\"yes\" data-elementor-lightbox-slideshow=\"47b9393\" data-elementor-lightbox-title=\"BA-CONCEPT-essai-3-carte-electronique-circuit-imprime\" data-e-action-hash=\"#elementor-action%3Aaction%3Dlightbox%26settings%3DeyJpZCI6NzExLCJ1cmwiOiJodHRwczpcL1wvd3d3LmJhY29uY2VwdC5jb21cL3dwLWNvbnRlbnRcL3VwbG9hZHNcLzIwMTlcLzAzXC9CQS1DT05DRVBULWVzc2FpLTMtY2FydGUtZWxlY3Ryb25pcXVlLWNpcmN1aXQtaW1wcmltZS5qcGciLCJzbGlkZXNob3ciOiI0N2I5MzkzIn0%3D\" href='https:\/\/www.baconcept.com\/wp-content\/uploads\/2019\/03\/BA-CONCEPT-essai-3-carte-electronique-circuit-imprime.jpg'><img loading=\"lazy\" decoding=\"async\" width=\"920\" height=\"920\" src=\"https:\/\/www.baconcept.com\/wp-content\/uploads\/2019\/03\/BA-CONCEPT-essai-3-carte-electronique-circuit-imprime.jpg\" class=\"attachment-large size-large\" alt=\"\" srcset=\"https:\/\/www.baconcept.com\/wp-content\/uploads\/2019\/03\/BA-CONCEPT-essai-3-carte-electronique-circuit-imprime.jpg 920w, https:\/\/www.baconcept.com\/wp-content\/uploads\/2019\/03\/BA-CONCEPT-essai-3-carte-electronique-circuit-imprime-150x150.jpg 150w, https:\/\/www.baconcept.com\/wp-content\/uploads\/2019\/03\/BA-CONCEPT-essai-3-carte-electronique-circuit-imprime-300x300.jpg 300w, https:\/\/www.baconcept.com\/wp-content\/uploads\/2019\/03\/BA-CONCEPT-essai-3-carte-electronique-circuit-imprime-768x768.jpg 768w\" sizes=\"(max-width: 920px) 100vw, 920px\" \/><\/a>\n\t\t\t<\/div><\/figure><figure class='gallery-item'>\n\t\t\t<div class='gallery-icon landscape'>\n\t\t\t\t<a data-elementor-open-lightbox=\"yes\" data-elementor-lightbox-slideshow=\"47b9393\" data-elementor-lightbox-title=\"BA-CONCEPT-essai-7-carte-electronique-circuit-imprime\" data-e-action-hash=\"#elementor-action%3Aaction%3Dlightbox%26settings%3DeyJpZCI6NzA3LCJ1cmwiOiJodHRwczpcL1wvd3d3LmJhY29uY2VwdC5jb21cL3dwLWNvbnRlbnRcL3VwbG9hZHNcLzIwMTlcLzAzXC9CQS1DT05DRVBULWVzc2FpLTctY2FydGUtZWxlY3Ryb25pcXVlLWNpcmN1aXQtaW1wcmltZS5qcGciLCJzbGlkZXNob3ciOiI0N2I5MzkzIn0%3D\" href='https:\/\/www.baconcept.com\/wp-content\/uploads\/2019\/03\/BA-CONCEPT-essai-7-carte-electronique-circuit-imprime.jpg'><img loading=\"lazy\" decoding=\"async\" width=\"920\" height=\"920\" src=\"https:\/\/www.baconcept.com\/wp-content\/uploads\/2019\/03\/BA-CONCEPT-essai-7-carte-electronique-circuit-imprime.jpg\" class=\"attachment-large size-large\" alt=\"\" srcset=\"https:\/\/www.baconcept.com\/wp-content\/uploads\/2019\/03\/BA-CONCEPT-essai-7-carte-electronique-circuit-imprime.jpg 920w, https:\/\/www.baconcept.com\/wp-content\/uploads\/2019\/03\/BA-CONCEPT-essai-7-carte-electronique-circuit-imprime-150x150.jpg 150w, https:\/\/www.baconcept.com\/wp-content\/uploads\/2019\/03\/BA-CONCEPT-essai-7-carte-electronique-circuit-imprime-300x300.jpg 300w, https:\/\/www.baconcept.com\/wp-content\/uploads\/2019\/03\/BA-CONCEPT-essai-7-carte-electronique-circuit-imprime-768x768.jpg 768w\" sizes=\"(max-width: 920px) 100vw, 920px\" \/><\/a>\n\t\t\t<\/div><\/figure><figure class='gallery-item'>\n\t\t\t<div class='gallery-icon landscape'>\n\t\t\t\t<a data-elementor-open-lightbox=\"yes\" data-elementor-lightbox-slideshow=\"47b9393\" data-elementor-lightbox-title=\"BA-CONCEPT-essai-4-carte-electronique-circuit-imprime\" data-e-action-hash=\"#elementor-action%3Aaction%3Dlightbox%26settings%3DeyJpZCI6NzEwLCJ1cmwiOiJodHRwczpcL1wvd3d3LmJhY29uY2VwdC5jb21cL3dwLWNvbnRlbnRcL3VwbG9hZHNcLzIwMTlcLzAzXC9CQS1DT05DRVBULWVzc2FpLTQtY2FydGUtZWxlY3Ryb25pcXVlLWNpcmN1aXQtaW1wcmltZS5qcGciLCJzbGlkZXNob3ciOiI0N2I5MzkzIn0%3D\" href='https:\/\/www.baconcept.com\/wp-content\/uploads\/2019\/03\/BA-CONCEPT-essai-4-carte-electronique-circuit-imprime.jpg'><img loading=\"lazy\" decoding=\"async\" width=\"920\" height=\"920\" src=\"https:\/\/www.baconcept.com\/wp-content\/uploads\/2019\/03\/BA-CONCEPT-essai-4-carte-electronique-circuit-imprime.jpg\" class=\"attachment-large size-large\" alt=\"\" srcset=\"https:\/\/www.baconcept.com\/wp-content\/uploads\/2019\/03\/BA-CONCEPT-essai-4-carte-electronique-circuit-imprime.jpg 920w, https:\/\/www.baconcept.com\/wp-content\/uploads\/2019\/03\/BA-CONCEPT-essai-4-carte-electronique-circuit-imprime-150x150.jpg 150w, https:\/\/www.baconcept.com\/wp-content\/uploads\/2019\/03\/BA-CONCEPT-essai-4-carte-electronique-circuit-imprime-300x300.jpg 300w, https:\/\/www.baconcept.com\/wp-content\/uploads\/2019\/03\/BA-CONCEPT-essai-4-carte-electronique-circuit-imprime-768x768.jpg 768w\" sizes=\"(max-width: 920px) 100vw, 920px\" \/><\/a>\n\t\t\t<\/div><\/figure>\n\t\t<\/div>\n\t\t<\/div>\n\t\t\t\t\t\t<\/div>\n\t\t\t\t<\/div>\n\t\t\t\t<div class=\"elementor-element elementor-element-61d4b693 elementor-widget elementor-widget-text-editor\" data-id=\"61d4b693\" data-element_type=\"widget\" data-widget_type=\"text-editor.default\">\n\t\t\t\t<div class=\"elementor-widget-container\">\n\t\t\t\t\t\t\t\t\t<p>Nous vous pr\u00e9sentons quelques exemples d&rsquo;essais lors du processus de cr\u00e9ation de cartes \u00e9lectroniques en circuit imprim\u00e9 r\u00e9alis\u00e9 par <strong>BA CONCEPT<\/strong>. Pour voir nos r\u00e9alisations, veuillez consulter la page de notre site web : <span style=\"text-decoration: underline;\"><span style=\"color: #ffffff; text-decoration: underline;\"><a style=\"color: #ffffff; text-decoration: underline;\" href=\"https:\/\/www.baconcept.com\/index.php\/realisations\/\"><strong>r\u00e9alisation de carte en circuit imprim\u00e9<\/strong><\/a><\/span><\/span>.<\/p>\t\t\t\t\t\t\t\t<\/div>\n\t\t\t\t<\/div>\n\t\t\t\t\t<\/div>\n\t\t<\/div>\n\t\t\t\t\t<\/div>\n\t\t<\/section>\n\t\t\t\t<\/div>\n\t\t","protected":false},"excerpt":{"rendered":"<p>BA CONCEPT : SOLUTION \u00e9lectronique INDUSTRIELLE Adoptez la carte d&rsquo;une solution \u00e9lectronique industrielle cl\u00e9 en main, de l&rsquo;\u00e9tude \u00e0 la livraison. CAO pour tous les secteurs d&rsquo;activit\u00e9. Nous Contacter cr\u00e9ation de cartes \u00e9lectroniques en circuit &#8230; <\/p>\n<p class=\"read-more-container\"><a title=\"Exemples d&rsquo;essais\" class=\"read-more button\" href=\"https:\/\/www.baconcept.com\/index.php\/exemples-dessais\/#more-701\" aria-label=\"En savoir plus sur Exemples d&rsquo;essais\">Read More<\/a><\/p>\n","protected":false},"author":3,"featured_media":0,"parent":0,"menu_order":0,"comment_status":"closed","ping_status":"closed","template":"","meta":{"inline_featured_image":false,"footnotes":""},"class_list":{"0":"post-701","1":"page","2":"type-page","3":"status-publish","5":"no-featured-image-padding"},"_links":{"self":[{"href":"https:\/\/www.baconcept.com\/index.php\/wp-json\/wp\/v2\/pages\/701","targetHints":{"allow":["GET"]}}],"collection":[{"href":"https:\/\/www.baconcept.com\/index.php\/wp-json\/wp\/v2\/pages"}],"about":[{"href":"https:\/\/www.baconcept.com\/index.php\/wp-json\/wp\/v2\/types\/page"}],"author":[{"embeddable":true,"href":"https:\/\/www.baconcept.com\/index.php\/wp-json\/wp\/v2\/users\/3"}],"replies":[{"embeddable":true,"href":"https:\/\/www.baconcept.com\/index.php\/wp-json\/wp\/v2\/comments?post=701"}],"version-history":[{"count":5,"href":"https:\/\/www.baconcept.com\/index.php\/wp-json\/wp\/v2\/pages\/701\/revisions"}],"predecessor-version":[{"id":717,"href":"https:\/\/www.baconcept.com\/index.php\/wp-json\/wp\/v2\/pages\/701\/revisions\/717"}],"wp:attachment":[{"href":"https:\/\/www.baconcept.com\/index.php\/wp-json\/wp\/v2\/media?parent=701"}],"curies":[{"name":"wp","href":"https:\/\/api.w.org\/{rel}","templated":true}]}}